{"id":28,"date":"2026-01-05T02:17:10","date_gmt":"2026-01-05T02:17:10","guid":{"rendered":"https:\/\/infor.edu.pl\/?page_id=28"},"modified":"2026-01-05T02:17:10","modified_gmt":"2026-01-05T02:17:10","slug":"nasze-propozycje","status":"publish","type":"page","link":"https:\/\/infor.edu.pl\/index.php\/nasze-propozycje\/","title":{"rendered":"Nasze propozycje"},"content":{"rendered":"\n<p>Zapraszam do propozycji temat\u00f3w, projekt\u00f3w , aktywno\u015bci na zaj\u0119ciach.<\/p>\n\n\n\n<p><\/p>\n","protected":false},"excerpt":{"rendered":"<p>Zapraszam do propozycji temat\u00f3w, projekt\u00f3w , aktywno\u015bci na zaj\u0119ciach.<\/p>\n","protected":false},"author":1,"featured_media":0,"parent":0,"menu_order":0,"comment_status":"closed","ping_status":"closed","template":"page-with-title","meta":{"footnotes":""},"class_list":["post-28","page","type-page","status-publish","hentry"],"_links":{"self":[{"href":"https:\/\/infor.edu.pl\/index.php\/wp-json\/wp\/v2\/pages\/28","targetHints":{"allow":["GET"]}}],"collection":[{"href":"https:\/\/infor.edu.pl\/index.php\/wp-json\/wp\/v2\/pages"}],"about":[{"href":"https:\/\/infor.edu.pl\/index.php\/wp-json\/wp\/v2\/types\/page"}],"author":[{"embeddable":true,"href":"https:\/\/infor.edu.pl\/index.php\/wp-json\/wp\/v2\/users\/1"}],"replies":[{"embeddable":true,"href":"https:\/\/infor.edu.pl\/index.php\/wp-json\/wp\/v2\/comments?post=28"}],"version-history":[{"count":2,"href":"https:\/\/infor.edu.pl\/index.php\/wp-json\/wp\/v2\/pages\/28\/revisions"}],"predecessor-version":[{"id":30,"href":"https:\/\/infor.edu.pl\/index.php\/wp-json\/wp\/v2\/pages\/28\/revisions\/30"}],"wp:attachment":[{"href":"https:\/\/infor.edu.pl\/index.php\/wp-json\/wp\/v2\/media?parent=28"}],"curies":[{"name":"wp","href":"https:\/\/api.w.org\/{rel}","templated":true}]}}